{"id":2005,"date":"2019-07-01T13:38:10","date_gmt":"2019-07-01T16:38:10","guid":{"rendered":""},"modified":"2025-03-25T08:48:07","modified_gmt":"2025-03-25T11:48:07","slug":"divulgacao","status":"publish","type":"page","link":"https:\/\/dxc.crp.ufv.br\/?page_id=2005","title":{"rendered":"Divulga\u00e7\u00e3o"},"content":{"rendered":"<h4>Televisor do PVA<\/h4>\n<p>A arte gr\u00e1fica da atividade deve ser encaminhada para o e-mail dxccrp@ufv.br em formato quadrado e de no m\u00e1ximo 5MB. Ressaltamos que \u00e9 poss\u00edvel acompanhar a publica\u00e7\u00e3o no portal <a href=\"https:\/\/www.pordentrodocampus.ufv.br\/crp\/\">https:\/\/www.pordentrodocampus.ufv.br\/crp\/<\/a>.<\/p>\n<h4>Instagram da DXC<\/h4>\n<p>A arte gr\u00e1fica da atividade deve ser encaminhada para o e-mail dxccrp@ufv.br em formato quadrado com o texto da legenda. Instagram DXC: <a href=\"https:\/\/www.instagram.com\/dxc_ufv_crp\/\">dxc_ufv_crp<\/a>.<\/p>\n<h4>Mural da DXC<\/h4>\n<p>O cartaz impresso da atividade deve ser entregue na DXC, sala PVA 126.<\/p>\n<h4>Vaga de Est\u00e1gio<\/h4>\n<p>Enviar arte e\/ou informa\u00e7\u00f5es da vaga para o e-mail da DXC (dxccrp@ufv.br).<br \/>\nInforma\u00e7\u00f5es necess\u00e1rias: local da vaga, requisitos, carga hor\u00e1ria semanal, atividades a serem desenvolvidas, remunera\u00e7\u00e3o, dura\u00e7\u00e3o do est\u00e1gio, e-mail para envio de curr\u00edculo e data final para envio de curr\u00edculos.<\/p>\n<p><span style=\"color: #cf1d23;\"><strong>Obs.: As atividades de extens\u00e3o e cultura somente ser\u00e3o divulgadas ap\u00f3s registro no RAEX.<\/strong><\/span><\/p>\n","protected":false},"excerpt":{"rendered":"<p>Televisor do PVA A arte gr\u00e1fica da atividade deve ser encaminhada para o e-mail dxccrp@ufv.br em formato quadrado e de no m\u00e1ximo 5MB. Ressaltamos que \u00e9 poss\u00edvel acompanhar a publica\u00e7\u00e3o no portal https:\/\/www.pordentrodocampus.ufv.br\/crp\/. Instagram da DXC A arte gr\u00e1fica da atividade deve ser encaminhada para o e-mail dxccrp@ufv.br em formato quadrado com o texto da [&hellip;]<\/p>\n","protected":false},"author":1,"featured_media":0,"parent":0,"menu_order":0,"comment_status":"closed","ping_status":"closed","template":"","meta":{"footnotes":""},"class_list":["post-2005","page","type-page","status-publish","hentry"],"_links":{"self":[{"href":"https:\/\/dxc.crp.ufv.br\/index.php?rest_route=\/wp\/v2\/pages\/2005","targetHints":{"allow":["GET"]}}],"collection":[{"href":"https:\/\/dxc.crp.ufv.br\/index.php?rest_route=\/wp\/v2\/pages"}],"about":[{"href":"https:\/\/dxc.crp.ufv.br\/index.php?rest_route=\/wp\/v2\/types\/page"}],"author":[{"embeddable":true,"href":"https:\/\/dxc.crp.ufv.br\/index.php?rest_route=\/wp\/v2\/users\/1"}],"replies":[{"embeddable":true,"href":"https:\/\/dxc.crp.ufv.br\/index.php?rest_route=%2Fwp%2Fv2%2Fcomments&post=2005"}],"version-history":[{"count":18,"href":"https:\/\/dxc.crp.ufv.br\/index.php?rest_route=\/wp\/v2\/pages\/2005\/revisions"}],"predecessor-version":[{"id":3328,"href":"https:\/\/dxc.crp.ufv.br\/index.php?rest_route=\/wp\/v2\/pages\/2005\/revisions\/3328"}],"wp:attachment":[{"href":"https:\/\/dxc.crp.ufv.br\/index.php?rest_route=%2Fwp%2Fv2%2Fmedia&parent=2005"}],"curies":[{"name":"wp","href":"https:\/\/api.w.org\/{rel}","templated":true}]}}