{"id":2294,"date":"2020-10-21T13:53:09","date_gmt":"2020-10-21T16:53:09","guid":{"rendered":"https:\/\/dxc.crp.ufv.br\/?page_id=2294"},"modified":"2026-01-08T13:17:38","modified_gmt":"2026-01-08T16:17:38","slug":"estagio-externo-2","status":"publish","type":"page","link":"https:\/\/dxc.crp.ufv.br\/?page_id=2294","title":{"rendered":"Est\u00e1gio Externo"},"content":{"rendered":"<p>Realizado em empresas ou outras organiza\u00e7\u00f5es p\u00fablicas e privadas, podendo ser nas modalidades de est\u00e1gio obrigat\u00f3rio ou n\u00e3o-obrigat\u00f3rio.<\/p>\r\n<p>\u00bb Antes do est\u00e1gio ser iniciado \u00e9 necess\u00e1rio que ele seja registrado na <strong>Diretoria de Extens\u00e3o e Cultura (DXC)<\/strong>, n\u00e3o sendo poss\u00edvel registro retroativo.<\/p>\r\n<hr \/>\r\n<p><span style=\"color: #000000;\"><strong>TERMO DE COMPROMISSO<\/strong><\/span><br \/>O<strong> Termo de Compromisso <\/strong>\u00e9 o documento jur\u00eddico que formaliza o registro do est\u00e1gio: <a href=\"https:\/\/dxc.crp.ufv.br\/wp-content\/uploads\/01-Termo-de-Compromisso-Estagio-Externo-Obrigatorio-A-partir-2026.pdf\">Termo de Compromisso &#8211; Est\u00e1gio Externo Obrigat\u00f3rio<\/a> e <a href=\"https:\/\/dxc.crp.ufv.br\/wp-content\/uploads\/01-Termo-de-Compromisso-Estagio-Externo-Nao-Obrigatorio-A-partir-2026.pdf\">Termo de Compromisso &#8211; Est\u00e1gio Externo N\u00e3o Obrigat\u00f3rio<\/a><br \/>\u2022 <strong>Preencher digitalmente<\/strong>, imprimir e colher as assinaturas da concedente (respons\u00e1vel e supervisor da empresa\/organiza\u00e7\u00e3o p\u00fablica ou privada).<br \/>Obs.: Ser\u00e3o aceitas assinaturas eletr\u00f4nicas feitas por meio do assinador on-line do portal Gov.br.<br \/>\u2022 Digitalizar o documento completo (todas as p\u00e1ginas em um \u00fanico arquivo PDF) em scanner ou pelo celular (sugest\u00e3o de aplicativos: ScanBot, Adobe Scan ou Adobe PDF).<br \/>\u2022 Assinar, colher a assinatura do professor da disciplina Est\u00e1gio (no caso de est\u00e1gio obrigat\u00f3rio) ou do professor da disciplina Atividades Complementares\/Extracurriculares (no caso de est\u00e1gio n\u00e3o-obrigat\u00f3rio) e enviar o documento para o e-mail da DXC (dxccrp@ufv.br).<\/p>\r\n<p>Obs.: <strong>As assinaturas do estudante e do professor da UFV devem ser feitas por meio do assinador on-line do portal Gov.br<\/strong>. Seguem abaixo links com o passo a passo para realizar o cadastro no portal, habilitar a permiss\u00e3o de uso e assinar documentos.<br \/>\u00bb Tutorial para os estudantes:<br \/><a href=\"https:\/\/www.youtube.com\/watch?v=EBEIXjsfyb8&amp;ab_channel=TutoriaisDTI-UFV\">https:\/\/www.youtube.com\/watch?v=EBEIXjsfyb8&amp;ab_channel=TutoriaisDTI-UFV<\/a><br \/>\u00bb Tutorial para os docentes e t\u00e9cnicos administrativos:<br \/><a href=\"https:\/\/www.youtube.com\/watch?v=QTAW5uGJ89I&amp;ab_channel=TutoriaisDTI-UFV\">https:\/\/www.youtube.com\/watch?v=QTAW5uGJ89I&amp;ab_channel=TutoriaisDTI-UFV<\/a><br \/>(Importante: Sugerimos que a concedente tamb\u00e9m utilize o assinador on-line do portal Gov.br para assinar os documentos. Se n\u00e3o for poss\u00edvel, seguir os passos iniciais quanto \u00e0s assinaturas da concedente (imprimir, assinar e digitalizar o documento) para posteriormente aluno e professor assinarem via Gov.br.)<\/p>\r\n<p>\u2022 O Termo de Compromisso ser\u00e1 analisado e assinado (caso esteja em conformidade com a legisla\u00e7\u00e3o) em at\u00e9 5 dias \u00fateis pelo(a) Diretor(a) de Extens\u00e3o e Cultura e o estudante receber\u00e1 um e-mail com o n\u00famero de protocolo on-line do atendimento e com sua via assinada para ser salva e encaminhada a concedente (empresa\/organiza\u00e7\u00e3o) do est\u00e1gio.<br \/>\u2022 O Termo de Compromisso ser\u00e1 registrado e a via digital do documento ser\u00e1 arquivada na DXC.<\/p>\r\n<p><strong>Importante:<\/strong> Caso a concedente do est\u00e1gio n\u00e3o possua CNPJ, o documento deve ser preenchido com o Registro no Conselho equivalente (CREA, CRC, CRA etc) do profissional respons\u00e1vel.<\/p>\r\n<p><a href=\"https:\/\/dxc.crp.ufv.br\/wp-content\/uploads\/Checklist-Est\u00e1gio-Externo.pdf\"><strong>\u00bb Checklist do Termo de Compromisso de Est\u00e1gio Externo<\/strong><\/a><\/p>\r\n<hr \/>\r\n<p><span style=\"color: #000000;\"><strong>CONV\u00caNIO<\/strong><\/span><br \/>De acordo com o Artigo 8\u00ba da <strong>Lei n\u00ba 11.788, de 25 de setembro de 2008<\/strong>, a celebra\u00e7\u00e3o de conv\u00eanio \u00e9 facultativa entre a parte concedente do est\u00e1gio e a institui\u00e7\u00e3o de ensino, sendo obrigat\u00f3rio por lei para a realiza\u00e7\u00e3o do est\u00e1gio somente o Termo de Compromisso.<\/p>\r\n<p>Entretanto, caso a concedente tenha interesse, \u00e9 poss\u00edvel a celebra\u00e7\u00e3o de Conv\u00eanio de Est\u00e1gio com a Universidade. Nesse caso, deve ser enviado para o e-mail da DXC (dxccrp@ufv.br), juntamente com o Termo de Compromisso, a <strong><a href=\"https:\/\/dxc.crp.ufv.br\/wp-content\/uploads\/02-Conv\u00eanio-2.pdf\">Minuta de Conv\u00eanio<\/a><\/strong>, a qual deve ser <strong>preenchida digitalmente<\/strong>, impressa, carimbada e assinada pelo respons\u00e1vel da concedente do est\u00e1gio.<\/p>\r\n<hr \/>\r\n<p><span style=\"color: #000000;\"><strong>TERMO ADITIVO<\/strong><\/span><br \/>Durante o est\u00e1gio se houver a necessidade de alterar: data de t\u00e9rmino, carga hor\u00e1ria, valor da remunera\u00e7\u00e3o, modalidade, supervisor(a) ou a ap\u00f3lice de seguros o estudante dever\u00e1 preencher o<strong>\u00a0<a href=\"https:\/\/dxc.crp.ufv.br\/wp-content\/uploads\/03-Termo-Aditivo-Est\u00e1gio-Externo-4.pdf\">Termo Aditivo<\/a> <\/strong>e na CL\u00c1USULA PRIMEIRA marcar um x na op\u00e7\u00e3o a ser alterada.<br \/>\u2022 <strong>Preencher digitalmente<\/strong>, imprimir e colher as assinaturas da concedente (respons\u00e1vel e supervisor da empresa\/organiza\u00e7\u00e3o p\u00fablica ou privada).<br \/>Obs.: Ser\u00e3o aceitas assinaturas eletr\u00f4nicas feitas por meio do assinador on-line do portal Gov.br.<br \/>\u2022 Digitalizar o documento em scanner ou pelo celular (sugest\u00e3o de aplicativos: ScanBot, Adobe Scan ou Adobe PDF).<br \/>\u2022 Assinar, colher a assinatura do professor da disciplina Est\u00e1gio (no caso de est\u00e1gio obrigat\u00f3rio) ou do professor da disciplina Atividades Complementares\/Extracurriculares (no caso de est\u00e1gio n\u00e3o-obrigat\u00f3rio) e enviar o documento para o e-mail da DXC (dxccrp@ufv.br).<br \/>Obs.: <strong>As assinaturas do estudante e do professor da UFV devem ser feitas por meio do assinador on-line do portal Gov.br<\/strong>.<br \/>\u2022 O Termo Aditivo ser\u00e1 analisado e assinado (caso esteja em conformidade com a legisla\u00e7\u00e3o) em at\u00e9 5 dias \u00fateis pelo(a) Diretor(a) de Extens\u00e3o e Cultura e o estudante receber\u00e1 um e-mail com o n\u00famero de protocolo on-line do atendimento e com sua via assinada para ser salva e encaminhada ao supervisor do est\u00e1gio.<br \/>\u2022 O Termo Aditivo ser\u00e1 registrado e a via digital do documento ser\u00e1 arquivada na DXC.<\/p>\r\n<hr \/>\r\n<p><span style=\"color: #000000;\"><strong>RELAT\u00d3RIO FINAL<\/strong><\/span><br \/>O professor da disciplina Est\u00e1gio ou da disciplina Atividades Complementares\/Extracurriculares poder\u00e1 exigir Relat\u00f3rio e outros documentos que julgar necess\u00e1rios. Cabe ao aluno verificar essa exig\u00eancia junto ao docente. Sugest\u00e3o de <strong><a href=\"https:\/\/dxc.crp.ufv.br\/wp-content\/uploads\/04-Modelo-de-Relat\u00f3rio-Final-Est\u00e1gio-Externo-2.pdf\">Modelo de Relat\u00f3rio Final<\/a><\/strong>.<\/p>\r\n<hr \/>\r\n<p><span style=\"color: #000000;\"><strong>DECLARA\u00c7\u00c3O DE CONCLUS\u00c3O<\/strong><\/span><br \/>Ap\u00f3s o encerramento do est\u00e1gio, o aluno dever\u00e1 enviar para o e-mail da DXC (dxccrp@ufv.br) a <a href=\"https:\/\/dxc.crp.ufv.br\/wp-content\/uploads\/05-Declara\u00e7\u00e3o-de-Conclus\u00e3o-Est\u00e1gio-Externo-2.pdf\"><strong>Declara\u00e7\u00e3o de Conclus\u00e3o<\/strong><\/a> do est\u00e1gio, o qual passar\u00e1 a situa\u00e7\u00e3o de conclu\u00eddo.<br \/>\u2022 O documento deve ser\u00a0<strong>preenchido digitalmente<\/strong> (aceita-se a avalia\u00e7\u00e3o marcada \u00e0 caneta) sendo que a assinatura, obrigatoriamente, deve ser \u00e0 tinta.<br \/>\u2022 Ap\u00f3s o recebimento do documento, caso esteja em conformidade com o(s) termo(s) protocolado(s) anteriormente, o estudante receber\u00e1 um e-mail da DXC com o n\u00famero de protocolo on-line do atendimento.<br \/>\u2022 A conclus\u00e3o do est\u00e1gio ser\u00e1 registrada e a via digital do documento ser\u00e1 arquivada na DXC.<br \/>\u2022 Sugere-se que o estudante salve sua via e em momento oportuno a envie ao professor da disciplina Est\u00e1gio (no caso de est\u00e1gio obrigat\u00f3rio) ou disciplina Atividades Complementares\/Extracurriculares (no caso de est\u00e1gio n\u00e3o-obrigat\u00f3rio).<\/p>\r\n<hr \/>\r\n<p><span style=\"color: #000000;\"><strong>CANCELAMENTO DE EST\u00c1GIO<br \/><\/strong><\/span>Caso o aluno, por algum motivo, n\u00e3o possa realizar o est\u00e1gio e j\u00e1 tenha feito seu registro, ele deve enviar para o e-mail da DXC (dxccrp@ufv.br) o <strong><a href=\"https:\/\/dxc.crp.ufv.br\/wp-content\/uploads\/06-Requerimento-de-Cancelamento-Est\u00e1gio-Externo.odt\">Requerimento de Cancelamento de Est\u00e1gio Externo<\/a><\/strong> <strong>preenchido digitalmente<\/strong>\u00a0e assinado por meio do assinador on-line do portal Gov.br, para que sua situa\u00e7\u00e3o fique regular.<\/p>\r\n<hr \/>\r\n<p>Obs.: Toda documenta\u00e7\u00e3o referente ao est\u00e1gio poder\u00e1 ser entregue conforme modelos da pr\u00f3pria empresa concedente, desde que cumpra a <strong><a href=\"https:\/\/www.planalto.gov.br\/ccivil_03\/_ato2007-2010\/2008\/lei\/l11788.htm\">Lei n\u00ba 11.788, de 25 de setembro de 2008<\/a><\/strong>.<\/p>\r\n<hr \/>\r\n<p><span style=\"color: #000000;\"><strong>IMPORTANTE<br \/><\/strong><\/span>\u2022 Ap\u00f3s qualquer assinatura, os documentos n\u00e3o poder\u00e3o ser alterados. O pr\u00f3prio portal Gov.br detecta altera\u00e7\u00f5es e n\u00e3o aceita a inser\u00e7\u00e3o de demais assinaturas. Portanto, caso seja necess\u00e1rio alguma corre\u00e7\u00e3o, o documento deve ser refeito e as assinaturas colhidas novamente.<br \/>\u2022 Estudante, em caso de d\u00favidas no preenchimento do Termo de Compromisso, antes de colher as assinaturas, se achar necess\u00e1rio, envie o documento para a DXC esclarecer ou entre em contato pelo telefone (34) 3855-9362.<\/p>\r\n<hr \/>\r\n<p>\u2022 <strong>Informa\u00e7\u00f5es gerais sobre est\u00e1gios dispon\u00edveis em: <a href=\"https:\/\/dxc.crp.ufv.br\/?page_id=936\">Est\u00e1gios | DXC (ufv.br)<\/a><\/strong><\/p>\r\n\r\n<p>&nbsp;<\/p>\r\n","protected":false},"excerpt":{"rendered":"<p>Realizado em empresas ou outras organiza\u00e7\u00f5es p\u00fablicas e privadas, podendo ser nas modalidades de est\u00e1gio obrigat\u00f3rio ou n\u00e3o-obrigat\u00f3rio. \u00bb Antes do est\u00e1gio ser iniciado \u00e9 necess\u00e1rio que ele seja registrado na Diretoria de Extens\u00e3o e Cultura (DXC), n\u00e3o sendo poss\u00edvel registro retroativo. TERMO DE COMPROMISSOO Termo de Compromisso \u00e9 o documento jur\u00eddico que formaliza o [&hellip;]<\/p>\n","protected":false},"author":5,"featured_media":0,"parent":936,"menu_order":0,"comment_status":"closed","ping_status":"closed","template":"","meta":{"footnotes":""},"class_list":["post-2294","page","type-page","status-publish","hentry"],"_links":{"self":[{"href":"https:\/\/dxc.crp.ufv.br\/index.php?rest_route=\/wp\/v2\/pages\/2294","targetHints":{"allow":["GET"]}}],"collection":[{"href":"https:\/\/dxc.crp.ufv.br\/index.php?rest_route=\/wp\/v2\/pages"}],"about":[{"href":"https:\/\/dxc.crp.ufv.br\/index.php?rest_route=\/wp\/v2\/types\/page"}],"author":[{"embeddable":true,"href":"https:\/\/dxc.crp.ufv.br\/index.php?rest_route=\/wp\/v2\/users\/5"}],"replies":[{"embeddable":true,"href":"https:\/\/dxc.crp.ufv.br\/index.php?rest_route=%2Fwp%2Fv2%2Fcomments&post=2294"}],"version-history":[{"count":44,"href":"https:\/\/dxc.crp.ufv.br\/index.php?rest_route=\/wp\/v2\/pages\/2294\/revisions"}],"predecessor-version":[{"id":3471,"href":"https:\/\/dxc.crp.ufv.br\/index.php?rest_route=\/wp\/v2\/pages\/2294\/revisions\/3471"}],"up":[{"embeddable":true,"href":"https:\/\/dxc.crp.ufv.br\/index.php?rest_route=\/wp\/v2\/pages\/936"}],"wp:attachment":[{"href":"https:\/\/dxc.crp.ufv.br\/index.php?rest_route=%2Fwp%2Fv2%2Fmedia&parent=2294"}],"curies":[{"name":"wp","href":"https:\/\/api.w.org\/{rel}","templated":true}]}}