{"id":2345,"date":"2021-02-11T10:36:40","date_gmt":"2021-02-11T13:36:40","guid":{"rendered":"https:\/\/dxc.crp.ufv.br\/?page_id=2345"},"modified":"2026-01-22T10:02:21","modified_gmt":"2026-01-22T13:02:21","slug":"estagio-interno-alunos-as-da-ufv-crp-new","status":"publish","type":"page","link":"https:\/\/dxc.crp.ufv.br\/?page_id=2345","title":{"rendered":"Est\u00e1gio Interno e de extens\u00e3o &#8211; Alunos da UFV-CRP"},"content":{"rendered":"\r\n<p>Realizado nos diversos setores da pr\u00f3pria UFV por alunos matriculados na Institui\u00e7\u00e3o, podendo ser nas modalidades de est\u00e1gio obrigat\u00f3rio ou n\u00e3o-obrigat\u00f3rio. <br \/>Visando ampliar a oferta de atividades extensionistas, contribuindo para o processo de curriculariza\u00e7\u00e3o da extens\u00e3o nos cursos de gradua\u00e7\u00e3o da Universidade Federal de Vi\u00e7osa, foi lan\u00e7ada a modalidade Est\u00e1gio de extens\u00e3o.\u00a0<\/p>\r\n\r\n\r\n\r\n<p>\u00bb Antes do est\u00e1gio ser iniciado \u00e9 necess\u00e1rio que ele seja registrado na <strong>Diretoria de Extens\u00e3o e Cultura (DXC)<\/strong>, n\u00e3o sendo poss\u00edvel registro retroativo.<\/p>\r\n\r\n\r\n<hr class=\"wp-block-separator\" \/>\r\n\r\n\r\n<p><strong>TERMO DE COMPROMISSO EST\u00c1GIO INTERNO<\/strong><br \/>O <a href=\"https:\/\/dxc.crp.ufv.br\/wp-content\/uploads\/01-Termo-de-Compromisso-Estagio-Interno-10.12.25.pdf\">Termo de compromisso<\/a> \u00e9 o documento jur\u00eddico que formaliza o registro do est\u00e1gio.<br \/>\u2022 Ap\u00f3s <strong>preencher digitalmente<\/strong>, assinar, colher as assinaturas do supervisor do est\u00e1gio (docente ou t\u00e9cnico de n\u00edvel E) e do professor da disciplina Est\u00e1gio (no caso de est\u00e1gio obrigat\u00f3rio) ou do professor da disciplina Atividades Complementares\/Extracurriculares (no caso de est\u00e1gio n\u00e3o-obrigat\u00f3rio), enviar o documento para o e-mail da DXC (dxccrp@ufv.br).<\/p>\r\n<hr class=\"wp-block-separator\" \/>\r\n<p><strong>TERMO DE COMPROMISSO EST\u00c1GIO DE EXTENS\u00c3O<\/strong><br \/>O <a href=\"https:\/\/dxc.crp.ufv.br\/wp-content\/uploads\/01-Termo-de-Compromisso-Estagio-Interno-de-extensao.pdf\">Termo de compromisso de est\u00e1gio de extens\u00e3o<\/a> \u00e9 o documento jur\u00eddico que formaliza o registro do est\u00e1gio de extens\u00e3o, conforme previsto na Resolu\u00e7\u00e3o CEPE n\u00ba 06\/2022.<br \/>\u2022 Ap\u00f3s preencher digitalmente, assinar, colher as assinaturas do professor orientador do est\u00e1gio em extens\u00e3o e do orientador\/coordenador da atividade de extens\u00e3o e\u00a0enviar o documento para o e-mail da DXC (dxccrp@ufv.br).<\/p>\r\n<p>Podem ofertar vagas de est\u00e1gio em extens\u00e3o os coordenadores de atividades de extens\u00e3o, programas, projetos, cursos, eventos e presta\u00e7\u00f5es de servi\u00e7o, devidamente registradas no RAEX e que prevejam a atua\u00e7\u00e3o de estagi\u00e1rios, cabendo a esses coordenadores a divulga\u00e7\u00e3o das oportunidades junto aos estudantes.<\/p>\r\n<hr class=\"wp-block-separator\" \/>\r\n<p>Obs.: <strong>Todas as assinaturas devem ser feitas por meio do assinador on-line do portal Gov.br<\/strong>. Seguem abaixo links com o passo a passo para realizar o cadastro no portal, habilitar a permiss\u00e3o de uso e assinar documentos.<br \/>\u00bb Tutorial para os estudantes: <br \/><a href=\"https:\/\/www.youtube.com\/watch?v=EBEIXjsfyb8&amp;ab_channel=TutoriaisDTI-UFV \">https:\/\/www.youtube.com\/watch?v=EBEIXjsfyb8&amp;ab_channel=TutoriaisDTI-UFV <\/a><br \/>\u00bb Tutorial para os docentes e t\u00e9cnicos administrativos:<br \/><a href=\"https:\/\/www.youtube.com\/watch?v=QTAW5uGJ89I&amp;ab_channel=TutoriaisDTI-UFV \">https:\/\/www.youtube.com\/watch?v=QTAW5uGJ89I&amp;ab_channel=TutoriaisDTI-UFV <\/a><br \/><br \/>\u2022 Os Termos de Compromisso ser\u00e3o analisados e assinados (caso esteja em conformidade com a legisla\u00e7\u00e3o) em at\u00e9 5 dias \u00fateis pelo(a) Diretor(a) de Extens\u00e3o e Cultura e o estudante receber\u00e1 um e-mail com o n\u00famero de protocolo on-line do atendimento e com sua via assinada para ser salva e encaminhada ao supervisor do est\u00e1gio. <br \/>\u2022 Os Termos de Compromisso ser\u00e3o registrados e a via digital do documento ser\u00e1 arquivada na DXC. <br \/><br \/><strong><a href=\"https:\/\/dxc.crp.ufv.br\/wp-content\/uploads\/Checklist-Est\u00e1gio-Interno.pdf\">\u00bb Checklist do Termo de Compromisso de Est\u00e1gio Interno<\/a><\/strong><\/p>\r\n\r\n\r\n<hr class=\"wp-block-separator\" \/>\r\n\r\n\r\n<p><strong>TERMO ADITIVO<\/strong><br \/>Durante o est\u00e1gio se houver a necessidade de alterar: data de t\u00e9rmino, carga hor\u00e1ria, valor da remunera\u00e7\u00e3o, modalidade, supervisor(a) ou a ap\u00f3lice de seguros o estudante dever\u00e1 preencher o <strong><a href=\"https:\/\/dxc.crp.ufv.br\/wp-content\/uploads\/02-Termo-Aditivo-Est\u00e1gio-Interno-4.pdf\">Termo Aditivo<\/a><\/strong> e na CL\u00c1USULA PRIMEIRA marcar um x na op\u00e7\u00e3o a ser alterada. <br \/>\u2022 Ap\u00f3s <strong>preencher digitalmente<\/strong>, assinar e colher as demais assinaturas, por meio do assinador on-line do portal Gov.br, enviar o documento para o e-mail da DXC (dxccrp@ufv.br).<br \/>\u2022 O Termo Aditivo ser\u00e1 analisado e assinado (caso esteja em conformidade com a legisla\u00e7\u00e3o) em at\u00e9 5 dias \u00fateis pelo(a) Diretor(a) de Extens\u00e3o e Cultura e o estudante receber\u00e1 um e-mail com o n\u00famero de protocolo on-line do atendimento e com sua via assinada para ser salva e encaminhada ao supervisor do est\u00e1gio. <br \/>\u2022 O Termo Aditivo ser\u00e1 registrado e a via digital do documento ser\u00e1 arquivada na DXC.<\/p>\r\n<hr class=\"wp-block-separator\" \/>\r\n\r\n\r\n<p><strong>RELAT\u00d3RIO FINAL<\/strong><\/p>\r\n<p>O professor da disciplina Est\u00e1gio ou da disciplina de Atividades Complementares\/Extracurriculares poder\u00e1 exigir Relat\u00f3rio e outros documentos que julgar necess\u00e1rios. Cabe ao aluno verificar essa exig\u00eancia junto ao docente. Sugest\u00e3o de <strong><a href=\"https:\/\/dxc.crp.ufv.br\/wp-content\/uploads\/03-Modelo-de-Relat\u00f3rio-Final-Est\u00e1gio-Interno-2.pdf\">Modelo de Relat\u00f3rio Final<\/a><\/strong>.<\/p>\r\n\r\n\r\n<hr class=\"wp-block-separator\" \/>\r\n\r\n\r\n<p><strong>DECLARA\u00c7\u00c3O DE CONCLUS\u00c3O<\/strong><br \/>Ap\u00f3s o encerramento do est\u00e1gio, o aluno dever\u00e1 enviar para o e-mail da DXC (dxccrp@ufv.br) a <strong><a href=\"https:\/\/dxc.crp.ufv.br\/wp-content\/uploads\/04-Declara\u00e7\u00e3o-de-Conclus\u00e3o-Est\u00e1gio-Interno-2.pdf\">Declara\u00e7\u00e3o de Conclus\u00e3o<\/a><\/strong> do est\u00e1gio, o qual passar\u00e1 a situa\u00e7\u00e3o de conclu\u00eddo.<br \/>\u2022 O documento deve ser <strong>preenchido digitalmente<\/strong> e as assinaturas realizadas por meio do assinador on-line do portal Gov.br.<br \/>\u2022 Ap\u00f3s o recebimento do documento, caso esteja em conformidade com o(s) termo(s) protocolado(s) anteriormente, o estudante receber\u00e1 um e-mail da DXC com o n\u00famero de protocolo on-line do atendimento.<br \/>\u2022 A conclus\u00e3o do est\u00e1gio ser\u00e1 registrada e a via digital do documento ser\u00e1 arquivada na DXC.<br \/>\u2022 Sugere-se que o estudante salve sua via e em momento oportuno a envie (declara\u00e7\u00e3o ou certificado) ao professor da disciplina Est\u00e1gio (no caso de est\u00e1gio obrigat\u00f3rio) ou disciplina Atividades Complementares\/Extracurriculares (no caso de est\u00e1gio n\u00e3o-obrigat\u00f3rio).<\/p>\r\n\r\n\r\n<hr class=\"wp-block-separator\" \/>\r\n\r\n\r\n<p><strong>CERTIFICADO<\/strong><br \/>Conclu\u00eddo o est\u00e1gio, o aluno poder\u00e1 solicitar \u00e0 DXC, pessoalmente, por telefone (34 3855-9362) ou via e-mail (dxccrp@ufv.br), <strong>certificado<\/strong> de realiza\u00e7\u00e3o do est\u00e1gio.<\/p>\r\n\r\n\r\n<hr class=\"wp-block-separator\" \/>\r\n\r\n\r\n<p><strong>CANCELAMENTO DE EST\u00c1GIO<\/strong><br \/>Caso o aluno, por algum motivo, n\u00e3o possa realizar o est\u00e1gio e j\u00e1 tenha feito seu registro, ele deve enviar para o e-mail da DXC (dxccrp@ufv.br) o <strong><a href=\"https:\/\/dxc.crp.ufv.br\/wp-content\/uploads\/05-Requerimento-de-Cancelamento-Est\u00e1gio-Interno.odt\">Requerimento de Cancelamento de Est\u00e1gio Interno<\/a><\/strong> <strong>preenchido digitalmente<\/strong> e assinado por meio do assinador on-line do portal Gov.br, para que sua situa\u00e7\u00e3o fique regular.<\/p>\r\n\r\n\r\n<hr class=\"wp-block-separator\" \/>\r\n\r\n\r\n<p><strong>IMPORTANTE<\/strong><br \/>\u2022 Ap\u00f3s qualquer assinatura, os documentos n\u00e3o poder\u00e3o ser alterados. O pr\u00f3prio portal Gov.br detecta altera\u00e7\u00f5es e n\u00e3o aceita a inser\u00e7\u00e3o de demais assinaturas. Portanto, caso seja necess\u00e1rio alguma corre\u00e7\u00e3o, o documento deve ser refeito e as assinaturas colhidas novamente.<br \/>\u2022 Estudante, em caso de d\u00favidas no preenchimento do Termo de Compromisso, antes de colher as assinaturas, se achar necess\u00e1rio, envie o documento para a DXC esclarecer ou entre em contato pelo telefone (34) 3855-9362.<\/p>\r\n<hr \/>\r\n<p><strong>\u00bb <\/strong><strong>Informa\u00e7\u00f5es gerais sobre est\u00e1gios dispon\u00edveis em: <a href=\"https:\/\/dxc.crp.ufv.br\/?page_id=936\">Est\u00e1gios | DXC (ufv.br)<\/a><\/strong><\/p>","protected":false},"excerpt":{"rendered":"<p>Realizado nos diversos setores da pr\u00f3pria UFV por alunos matriculados na Institui\u00e7\u00e3o, podendo ser nas modalidades de est\u00e1gio obrigat\u00f3rio ou n\u00e3o-obrigat\u00f3rio. Visando ampliar a oferta de atividades extensionistas, contribuindo para o processo de curriculariza\u00e7\u00e3o da extens\u00e3o nos cursos de gradua\u00e7\u00e3o da Universidade Federal de Vi\u00e7osa, foi lan\u00e7ada a modalidade Est\u00e1gio de extens\u00e3o.\u00a0 \u00bb Antes do [&hellip;]<\/p>\n","protected":false},"author":1,"featured_media":0,"parent":936,"menu_order":0,"comment_status":"closed","ping_status":"closed","template":"","meta":{"footnotes":""},"class_list":["post-2345","page","type-page","status-publish","hentry"],"_links":{"self":[{"href":"https:\/\/dxc.crp.ufv.br\/index.php?rest_route=\/wp\/v2\/pages\/2345","targetHints":{"allow":["GET"]}}],"collection":[{"href":"https:\/\/dxc.crp.ufv.br\/index.php?rest_route=\/wp\/v2\/pages"}],"about":[{"href":"https:\/\/dxc.crp.ufv.br\/index.php?rest_route=\/wp\/v2\/types\/page"}],"author":[{"embeddable":true,"href":"https:\/\/dxc.crp.ufv.br\/index.php?rest_route=\/wp\/v2\/users\/1"}],"replies":[{"embeddable":true,"href":"https:\/\/dxc.crp.ufv.br\/index.php?rest_route=%2Fwp%2Fv2%2Fcomments&post=2345"}],"version-history":[{"count":51,"href":"https:\/\/dxc.crp.ufv.br\/index.php?rest_route=\/wp\/v2\/pages\/2345\/revisions"}],"predecessor-version":[{"id":2917,"href":"https:\/\/dxc.crp.ufv.br\/index.php?rest_route=\/wp\/v2\/pages\/2345\/revisions\/2917"}],"up":[{"embeddable":true,"href":"https:\/\/dxc.crp.ufv.br\/index.php?rest_route=\/wp\/v2\/pages\/936"}],"wp:attachment":[{"href":"https:\/\/dxc.crp.ufv.br\/index.php?rest_route=%2Fwp%2Fv2%2Fmedia&parent=2345"}],"curies":[{"name":"wp","href":"https:\/\/api.w.org\/{rel}","templated":true}]}}