{"id":2363,"date":"2021-02-11T11:12:52","date_gmt":"2021-02-11T14:12:52","guid":{"rendered":"https:\/\/dxc.crp.ufv.br\/?page_id=2363"},"modified":"2025-08-26T09:02:15","modified_gmt":"2025-08-26T12:02:15","slug":"estagio-internacional-new","status":"publish","type":"page","link":"https:\/\/dxc.crp.ufv.br\/?page_id=2363","title":{"rendered":"Est\u00e1gio Internacional"},"content":{"rendered":"\r\n<p>Realizado em empresas ou outras organiza\u00e7\u00f5es p\u00fablicas e privadas no exterior, podendo ser nas modalidades de est\u00e1gio obrigat\u00f3rio ou n\u00e3o-obrigat\u00f3rio.<\/p>\r\n\r\n\r\n\r\n<p>\u00bb Antes do est\u00e1gio ser iniciado \u00e9 necess\u00e1rio que ele seja registrado na <strong>Diretoria de Extens\u00e3o e Cultura (DXC)<\/strong>, n\u00e3o sendo poss\u00edvel registro retroativo.<\/p>\r\n\r\n\r\n\r\n<p>Para dar in\u00edcio ao processo de Registro de Est\u00e1gio no Exterior o estudante deve seguir as etapas:<\/p>\r\n\r\n\r\n<hr class=\"wp-block-separator\" \/>\r\n\r\n\r\n<p><strong>ETAPA 1<\/strong><br \/>1) O estagi\u00e1rio ou a empresa concedente do est\u00e1gio deve <strong>preencher digitalmente<\/strong> o Termo de Compromisso de Est\u00e1gio Externo no Exterior (<strong><a href=\"https:\/\/dxc.crp.ufv.br\/wp-content\/uploads\/01-Term-of-Commitment-for-Overseas-Mandatory-Internship-2.pdf\">Term of Commitment for Overseas Mandatory Internship<\/a><\/strong>).<br \/>2) Ap\u00f3s o preenchimento o respons\u00e1vel pela assinatura do Termo de Compromisso e o supervisor do est\u00e1gio na empresa devem imprimir, assinar e carimbar o documento nos respectivos campos.<br \/>3) Posteriormente o documento dever\u00e1 ser escaneado (com digitaliza\u00e7\u00e3o de boa qualidade) e enviado ao e-mail do estudante.<\/p>\r\n\r\n\r\n<hr class=\"wp-block-separator\" \/>\r\n\r\n\r\n<p><strong>ETAPA 2<\/strong><br \/>1) O estagi\u00e1rio deve assinar o Termo de Compromisso (por meio do assinador on-line do portal Gov.br) e encaminhar o documento para o professor da disciplina Est\u00e1gio (no caso de est\u00e1gio obrigat\u00f3rio) ou disciplina Atividades Complementares\/Extracurriculares (no caso de est\u00e1gio n\u00e3o-obrigat\u00f3rio) para an\u00e1lise e coleta de assinatura (que tamb\u00e9m deve ser feita por meio do assinador on-line do portal Gov.br).<br \/>2) Em seguida o professor deve enviar o Termo de Compromisso para a Diretoria de Rela\u00e7\u00f5es Internacionais (DRI) (<a href=\"mailto:dri@ufv.br\">dri@ufv.br<\/a> ou <a href=\"mailto:dri.ufv@gmail.com\">dri.ufv@gmail.com<\/a>) para an\u00e1lise e coleta de assinatura (por meio do assinador on-line do portal Gov.br) do respons\u00e1vel pela diretoria.<br \/>4) Ap\u00f3s o retorno da DRI, o estudante dever\u00e1 enviar o Termo de Compromisso para o e-mail da DXC (dxccrp@ufv.br). <br \/>5) O documento ser\u00e1 analisado e assinado (caso esteja em conformidade com a legisla\u00e7\u00e3o) em at\u00e9 5 dias \u00fateis pelo(a) Diretor(a) de Extens\u00e3o e Cultura e o estudante receber\u00e1 um e-mail com o n\u00famero de protocolo on-line do atendimento e com sua via assinada para ser salva e encaminhada a concedente (empresa\/organiza\u00e7\u00e3o) do est\u00e1gio. <br \/>6) O Termo de Compromisso ser\u00e1 registrado e a via digital do documento ser\u00e1 arquivada na DXC.<\/p>\r\n\r\n\r\n<hr class=\"wp-block-separator\" \/>\r\n\r\n\r\n<p><strong>ETAPA 3<\/strong><br \/>1) Ap\u00f3s o encerramento do est\u00e1gio, o aluno dever\u00e1 enviar para o e-mail da DXC (dxccrp@ufv.br) a <strong>Declara\u00e7\u00e3o de Conclus\u00e3o<\/strong> (<strong><a href=\"https:\/\/dxc.crp.ufv.br\/wp-content\/uploads\/02-Statement-1.pdf\">Statement<\/a><\/strong>) do est\u00e1gio, o qual passar\u00e1 a situa\u00e7\u00e3o de conclu\u00eddo.<br \/>2) A Declara\u00e7\u00e3o de Conclus\u00e3o deve ser <strong>preenchida digitalmente <\/strong>(aceita-se a avalia\u00e7\u00e3o marcada \u00e0 caneta) sendo que as assinaturas, obrigatoriamente, devem ser \u00e0 tinta. <\/p>\r\n\r\n\r\n<hr class=\"wp-block-separator\" \/>\r\n\r\n\r\n<p><strong>CARTA DE SOLICITA\u00c7\u00c3O\/APRESENTA\u00c7\u00c3O PARA EST\u00c1GIO NO EXTERIOR<\/strong><br \/>1) Caso a empresa concedente do est\u00e1gio solicite este tipo de documento <strong>(<a href=\"https:\/\/dxc.crp.ufv.br\/wp-content\/uploads\/03-Internship-Request-2.odt\">Internship Request<\/a>)<\/strong> o estagi\u00e1rio dever\u00e1 preencher o modelo da carta e lev\u00e1-la at\u00e9 o professor da disciplina Est\u00e1gio (no caso de est\u00e1gio obrigat\u00f3rio) ou professor da disciplina Atividades Complementares\/Extracurriculares (no caso de est\u00e1gio n\u00e3o-obrigat\u00f3rio) para an\u00e1lise e assinatura.<\/p>\r\n\r\n\r\n<hr class=\"wp-block-separator\" \/>\r\n\r\n\r\n<p><strong>CANCELAMENTO DE EST\u00c1GIO<\/strong><br \/>Caso o aluno, por algum motivo, n\u00e3o possa realizar o est\u00e1gio e j\u00e1 tenha feito seu registro, ele deve enviar para o e-mail da DXC (dxccrp@ufv.br) o Requerimento de Cancelamento de Est\u00e1gio <strong>(<a href=\"https:\/\/dxc.crp.ufv.br\/wp-content\/uploads\/04-Internship-Cancellation-Requirement-2.odt\">Internship Cancellation Requirement<\/a>)<\/strong> <strong>preenchido digitalmente<\/strong>\u00a0e assinado por meio do assinador on-line do portal Gov.br, para que sua situa\u00e7\u00e3o fique regular.<\/p>\r\n\r\n\r\n<hr class=\"wp-block-separator\" \/>\r\n\r\n\r\n<p><strong>OBSERVA\u00c7\u00d5ES<\/strong><br \/><strong>1) As assinaturas do estudante e do professor da UFV devem ser feitas por meio do assinador on-line do portal Gov.br<\/strong>. Seguem abaixo links com o passo a passo para realizar o cadastro no portal, habilitar a permiss\u00e3o de uso e assinar documentos.<br \/>\u00bb Tutorial para os estudantes:<br \/><a href=\"https:\/\/www.youtube.com\/watch?v=EBEIXjsfyb8&amp;ab_channel=TutoriaisDTI-UFV\">https:\/\/www.youtube.com\/watch?v=EBEIXjsfyb8&amp;ab_channel=TutoriaisDTI-UFV<\/a><br \/>\u00bb Tutorial para os docentes e t\u00e9cnicos administrativos:<br \/><a href=\"https:\/\/www.youtube.com\/watch?v=QTAW5uGJ89I&amp;ab_channel=TutoriaisDTI-UFV\">https:\/\/www.youtube.com\/watch?v=QTAW5uGJ89I&amp;ab_channel=TutoriaisDTI-UFV<\/a> <br \/><br \/><strong>2) \u00c9 de responsabilidade do aluno o preenchimento dos documentos, n\u00e3o cabendo \u00e0 DXC a tradu\u00e7\u00e3o do textos.<\/strong><\/p>\r\n\r\n\r\n<hr class=\"wp-block-separator\" \/>\r\n\r\n\r\n<p><strong>IMPORTANTE<\/strong><br \/>\u2022 Ap\u00f3s qualquer assinatura, os documentos n\u00e3o poder\u00e3o ser alterados. O pr\u00f3prio portal Gov.br detecta altera\u00e7\u00f5es e n\u00e3o aceita a inser\u00e7\u00e3o de demais assinaturas. Portanto, caso seja necess\u00e1rio alguma corre\u00e7\u00e3o, o documento deve ser refeito e as assinaturas colhidas novamente. <br \/>\u2022 Estudante, em caso de d\u00favidas no preenchimento do Termo de Compromisso, antes de colher as assinaturas, se achar necess\u00e1rio, envie o documento para a DXC esclarecer ou entre em contato pelo telefone (34) 3855-9362.<\/p>\r\n\r\n\r\n<hr class=\"wp-block-separator\" \/>\r\n\r\n\r\n<p><strong>\u00bb Informa\u00e7\u00f5es gerais sobre est\u00e1gios dispon\u00edveis em: <a href=\"https:\/\/dxc.crp.ufv.br\/?page_id=936\">Est\u00e1gios | DXC (ufv.br)<\/a><\/strong><\/p>\r\n","protected":false},"excerpt":{"rendered":"<p>Realizado em empresas ou outras organiza\u00e7\u00f5es p\u00fablicas e privadas no exterior, podendo ser nas modalidades de est\u00e1gio obrigat\u00f3rio ou n\u00e3o-obrigat\u00f3rio. \u00bb Antes do est\u00e1gio ser iniciado \u00e9 necess\u00e1rio que ele seja registrado na Diretoria de Extens\u00e3o e Cultura (DXC), n\u00e3o sendo poss\u00edvel registro retroativo. Para dar in\u00edcio ao processo de Registro de Est\u00e1gio no Exterior [&hellip;]<\/p>\n","protected":false},"author":1,"featured_media":0,"parent":936,"menu_order":0,"comment_status":"closed","ping_status":"closed","template":"","meta":{"footnotes":""},"class_list":["post-2363","page","type-page","status-publish","hentry"],"_links":{"self":[{"href":"https:\/\/dxc.crp.ufv.br\/index.php?rest_route=\/wp\/v2\/pages\/2363","targetHints":{"allow":["GET"]}}],"collection":[{"href":"https:\/\/dxc.crp.ufv.br\/index.php?rest_route=\/wp\/v2\/pages"}],"about":[{"href":"https:\/\/dxc.crp.ufv.br\/index.php?rest_route=\/wp\/v2\/types\/page"}],"author":[{"embeddable":true,"href":"https:\/\/dxc.crp.ufv.br\/index.php?rest_route=\/wp\/v2\/users\/1"}],"replies":[{"embeddable":true,"href":"https:\/\/dxc.crp.ufv.br\/index.php?rest_route=%2Fwp%2Fv2%2Fcomments&post=2363"}],"version-history":[{"count":23,"href":"https:\/\/dxc.crp.ufv.br\/index.php?rest_route=\/wp\/v2\/pages\/2363\/revisions"}],"predecessor-version":[{"id":3430,"href":"https:\/\/dxc.crp.ufv.br\/index.php?rest_route=\/wp\/v2\/pages\/2363\/revisions\/3430"}],"up":[{"embeddable":true,"href":"https:\/\/dxc.crp.ufv.br\/index.php?rest_route=\/wp\/v2\/pages\/936"}],"wp:attachment":[{"href":"https:\/\/dxc.crp.ufv.br\/index.php?rest_route=%2Fwp%2Fv2%2Fmedia&parent=2363"}],"curies":[{"name":"wp","href":"https:\/\/api.w.org\/{rel}","templated":true}]}}