{"id":2383,"date":"2021-02-11T11:36:41","date_gmt":"2021-02-11T14:36:41","guid":{"rendered":"https:\/\/dxc.crp.ufv.br\/?page_id=2383"},"modified":"2021-02-11T11:37:44","modified_gmt":"2021-02-11T14:37:44","slug":"selecao-para-estagio-remunerado-2018","status":"publish","type":"page","link":"https:\/\/dxc.crp.ufv.br\/?page_id=2383","title":{"rendered":"Sele\u00e7\u00e3o para Est\u00e1gio Remunerado &#8211; 2018"},"content":{"rendered":"\n<p>A Diretoria de Extens\u00e3o e Cultura do Campus Rio Parana\u00edba da Universidade Federal de Vi\u00e7osa, atrav\u00e9s do presente edital, informa que se encontram abertas, at\u00e9 o dia 09 de abril, inscri\u00e7\u00f5es para sele\u00e7\u00e3o de estagi\u00e1rio\/a remunerado\/a nesta Diretoria em fun\u00e7\u00f5es administrativas, organiza\u00e7\u00e3o eventos e desenvolvimento de artes gr\u00e1ficas, em conformidade com a Lei N\u00ba 11.788, de 25 de setembro de 2008, e demais normas aplic\u00e1veis.<\/p>\n\n\n\n<p><a href=\"https:\/\/dxc.crp.ufv.br\/wp-content\/uploads\/selecao-estagiario-1.pdf\">Edital<\/a><br \/><a href=\"https:\/\/dxc.crp.ufv.br\/wp-content\/uploads\/ficha-inscricao.pdf\">Ficha de inscri\u00e7\u00e3o<\/a><\/p>\n\n\n\n<p><strong><a href=\"https:\/\/dxc.crp.ufv.br\/wp-content\/uploads\/resultado.pdf\">Resultado<\/a><\/strong><\/p>\n\n\n\n<figure class=\"wp-block-image\"><a href=\"https:\/\/dxc.crp.ufv.br\/wp-content\/uploads\/OPORTUNIDADE-DE-EST\u00c1GIO-1.png\"><img loading=\"lazy\" decoding=\"async\" width=\"300\" height=\"212\" src=\"https:\/\/dxc.crp.ufv.br\/wp-content\/uploads\/OPORTUNIDADE-DE-EST\u00c1GIO-1-300x212.png\" alt=\"\" class=\"wp-image-1218\" srcset=\"https:\/\/dxc.crp.ufv.br\/wp-content\/uploads\/OPORTUNIDADE-DE-EST\u00c1GIO-1-300x212.png 300w, https:\/\/dxc.crp.ufv.br\/wp-content\/uploads\/OPORTUNIDADE-DE-EST\u00c1GIO-1-768x543.png 768w, https:\/\/dxc.crp.ufv.br\/wp-content\/uploads\/OPORTUNIDADE-DE-EST\u00c1GIO-1-1024x724.png 1024w, https:\/\/dxc.crp.ufv.br\/wp-content\/uploads\/OPORTUNIDADE-DE-EST\u00c1GIO-1-425x300.png 425w, https:\/\/dxc.crp.ufv.br\/wp-content\/uploads\/OPORTUNIDADE-DE-EST\u00c1GIO-1.png 1169w\" sizes=\"auto, (max-width: 300px) 100vw, 300px\" \/><\/a><\/figure>\n","protected":false},"excerpt":{"rendered":"<p>A Diretoria de Extens\u00e3o e Cultura do Campus Rio Parana\u00edba da Universidade Federal de Vi\u00e7osa, atrav\u00e9s do presente edital, informa que se encontram abertas, at\u00e9 o dia 09 de abril, inscri\u00e7\u00f5es para sele\u00e7\u00e3o de estagi\u00e1rio\/a remunerado\/a nesta Diretoria em fun\u00e7\u00f5es administrativas, organiza\u00e7\u00e3o eventos e desenvolvimento de artes gr\u00e1ficas, em conformidade com a Lei N\u00ba 11.788, [&hellip;]<\/p>\n","protected":false},"author":1,"featured_media":0,"parent":958,"menu_order":0,"comment_status":"closed","ping_status":"closed","template":"","meta":{"footnotes":""},"class_list":["post-2383","page","type-page","status-publish","hentry"],"_links":{"self":[{"href":"https:\/\/dxc.crp.ufv.br\/index.php?rest_route=\/wp\/v2\/pages\/2383","targetHints":{"allow":["GET"]}}],"collection":[{"href":"https:\/\/dxc.crp.ufv.br\/index.php?rest_route=\/wp\/v2\/pages"}],"about":[{"href":"https:\/\/dxc.crp.ufv.br\/index.php?rest_route=\/wp\/v2\/types\/page"}],"author":[{"embeddable":true,"href":"https:\/\/dxc.crp.ufv.br\/index.php?rest_route=\/wp\/v2\/users\/1"}],"replies":[{"embeddable":true,"href":"https:\/\/dxc.crp.ufv.br\/index.php?rest_route=%2Fwp%2Fv2%2Fcomments&post=2383"}],"version-history":[{"count":2,"href":"https:\/\/dxc.crp.ufv.br\/index.php?rest_route=\/wp\/v2\/pages\/2383\/revisions"}],"predecessor-version":[{"id":2385,"href":"https:\/\/dxc.crp.ufv.br\/index.php?rest_route=\/wp\/v2\/pages\/2383\/revisions\/2385"}],"up":[{"embeddable":true,"href":"https:\/\/dxc.crp.ufv.br\/index.php?rest_route=\/wp\/v2\/pages\/958"}],"wp:attachment":[{"href":"https:\/\/dxc.crp.ufv.br\/index.php?rest_route=%2Fwp%2Fv2%2Fmedia&parent=2383"}],"curies":[{"name":"wp","href":"https:\/\/api.w.org\/{rel}","templated":true}]}}