{"id":2404,"date":"2021-02-11T13:00:23","date_gmt":"2021-02-11T16:00:23","guid":{"rendered":"https:\/\/dxc.crp.ufv.br\/?page_id=2404"},"modified":"2025-03-25T09:01:14","modified_gmt":"2025-03-25T12:01:14","slug":"emprestimo-de-materiais-new","status":"publish","type":"page","link":"https:\/\/dxc.crp.ufv.br\/?page_id=2404","title":{"rendered":"Empr\u00e9stimo de Materiais"},"content":{"rendered":"\r\n<p>Para requisitar o empr\u00e9stimo de expositores de a\u00e7o (itens dispon\u00edveis: 25 no modelo grade, 3 no modelo arara e 7 no modelo arara desmont\u00e1vel), suporte de banner (18), estrutura grid, tenda e do palco do PVA, sob a guarda da Diretoria de Extens\u00e3o e Cultura &#8211; DXC, \u00e9 necess\u00e1rio que o servidor interessado envie com anteced\u00eancia e-mail para dxccrp@ufv.br solicitando a reserva com as seguintes informa\u00e7\u00f5es: item, quantidade, data de empr\u00e9stimo, data de devolu\u00e7\u00e3o e justificativa do empr\u00e9stimo.<\/p>\r\n\r\n\r\n\r\n<h4 class=\"wp-block-heading\">Retirada de Materiais<\/h4>\r\n\r\n\r\n\r\n<p>Local: Diretoria de Extens\u00e3o e Cultura &#8211; Sala PVA 126;<br \/>Hor\u00e1rios: 08h \u00e0s 10h e 13h30min \u00e0s 16h; <br \/>Per\u00edodo m\u00e1ximo de empr\u00e9stimo de cada item: at\u00e9 5 dias \u00fateis. <br \/>Observa\u00e7\u00e3o: n\u00e3o dispomos de recursos humanos para a locomo\u00e7\u00e3o dos itens emprestados.<\/p>\r\n\r\n\r\n\r\n<h4 class=\"wp-block-heading\">Devolu\u00e7\u00e3o de Materiais<\/h4>\r\n\r\n\r\n\r\n<p>O solicitante deve devolver o item limpo (sem fitas, cartazes e outros) na data estabelecida e no mesmo local que foram retirados, sendo de sua responsabilidade a conserva\u00e7\u00e3o e perca do mesmo.<br \/>Observa\u00e7\u00e3o: n\u00e3o dispomos de recursos humanos para a locomo\u00e7\u00e3o dos itens emprestados.<\/p>\r\n\r\n\r\n<hr class=\"wp-block-separator\" \/>\r\n\r\n\r\n<p><strong>IMPORTANTE: Se o uso dos materiais for para alguma atividade de extens\u00e3o, coordenador, lembre-se de registr\u00e1-la no <a href=\"https:\/\/www2.dti.ufv.br\/raex\/scripts\/\">RAEX<\/a>.<\/strong><\/p>\r\n","protected":false},"excerpt":{"rendered":"<p>Para requisitar o empr\u00e9stimo de expositores de a\u00e7o (itens dispon\u00edveis: 25 no modelo grade, 3 no modelo arara e 7 no modelo arara desmont\u00e1vel), suporte de banner (18), estrutura grid, tenda e do palco do PVA, sob a guarda da Diretoria de Extens\u00e3o e Cultura &#8211; DXC, \u00e9 necess\u00e1rio que o servidor interessado envie com [&hellip;]<\/p>\n","protected":false},"author":1,"featured_media":0,"parent":0,"menu_order":0,"comment_status":"closed","ping_status":"closed","template":"","meta":{"footnotes":""},"class_list":["post-2404","page","type-page","status-publish","hentry"],"_links":{"self":[{"href":"https:\/\/dxc.crp.ufv.br\/index.php?rest_route=\/wp\/v2\/pages\/2404","targetHints":{"allow":["GET"]}}],"collection":[{"href":"https:\/\/dxc.crp.ufv.br\/index.php?rest_route=\/wp\/v2\/pages"}],"about":[{"href":"https:\/\/dxc.crp.ufv.br\/index.php?rest_route=\/wp\/v2\/types\/page"}],"author":[{"embeddable":true,"href":"https:\/\/dxc.crp.ufv.br\/index.php?rest_route=\/wp\/v2\/users\/1"}],"replies":[{"embeddable":true,"href":"https:\/\/dxc.crp.ufv.br\/index.php?rest_route=%2Fwp%2Fv2%2Fcomments&post=2404"}],"version-history":[{"count":12,"href":"https:\/\/dxc.crp.ufv.br\/index.php?rest_route=\/wp\/v2\/pages\/2404\/revisions"}],"predecessor-version":[{"id":3331,"href":"https:\/\/dxc.crp.ufv.br\/index.php?rest_route=\/wp\/v2\/pages\/2404\/revisions\/3331"}],"wp:attachment":[{"href":"https:\/\/dxc.crp.ufv.br\/index.php?rest_route=%2Fwp%2Fv2%2Fmedia&parent=2404"}],"curies":[{"name":"wp","href":"https:\/\/api.w.org\/{rel}","templated":true}]}}