{"id":2424,"date":"2021-02-11T13:09:56","date_gmt":"2021-02-11T16:09:56","guid":{"rendered":"https:\/\/dxc.crp.ufv.br\/?page_id=2424"},"modified":"2025-12-11T14:14:07","modified_gmt":"2025-12-11T17:14:07","slug":"registro-de-extensao-new","status":"publish","type":"page","link":"https:\/\/dxc.crp.ufv.br\/?page_id=2424","title":{"rendered":"Registro de Extens\u00e3o"},"content":{"rendered":"\r\n<p>Servidores podem desenvolver atividades extensionistas na Universidade na forma de programas, projetos, cursos e eventos, assim como discentes e p\u00fablico externo, desde que sob coordena\u00e7\u00e3o de algum servidor. As atividades de extens\u00e3o devem se adequar \u00e0s diretrizes da <a href=\"https:\/\/www.ufmg.br\/proex\/renex\/images\/documentos\/Pol\u00edtica-Nacional-de-Extens\u00e3o-Universit\u00e1ria-e-book.pdf\">Pol\u00edtica Nacional de Extens\u00e3o<\/a> e da\u00a0<a href=\"https:\/\/www.ufv.br\/soc\/files\/pag\/cepe\/completa\/2007\/07_07.htm\">Pol\u00edtica Interna de Extens\u00e3o\u00a0\u2013 UFV<\/a>\u00a0e ser registradas no <a href=\"https:\/\/www.raex.ufv.br\">RAEX<\/a>, onde tamb\u00e9m, podem ser consultadas publicamente.<\/p>\r\n\r\n\r\n\r\n<p>Maiores informa\u00e7\u00f5es podem ser obtidas na Diretoria de Extens\u00e3o e Cultura.<\/p>\r\n<p><a href=\"https:\/\/dxc.crp.ufv.br\/wp-content\/uploads\/PEC_Nota-de-Esclarecimento-Registro-Retroativo-RAEX_10-12-25.pdf\">Esclarecimento sobre registro retroativo de atividades no RAEX<\/a><\/p>\r\n","protected":false},"excerpt":{"rendered":"<p>Servidores podem desenvolver atividades extensionistas na Universidade na forma de programas, projetos, cursos e eventos, assim como discentes e p\u00fablico externo, desde que sob coordena\u00e7\u00e3o de algum servidor. As atividades de extens\u00e3o devem se adequar \u00e0s diretrizes da Pol\u00edtica Nacional de Extens\u00e3o e da\u00a0Pol\u00edtica Interna de Extens\u00e3o\u00a0\u2013 UFV\u00a0e ser registradas no RAEX, onde tamb\u00e9m, podem [&hellip;]<\/p>\n","protected":false},"author":1,"featured_media":0,"parent":0,"menu_order":0,"comment_status":"closed","ping_status":"closed","template":"","meta":{"footnotes":""},"class_list":["post-2424","page","type-page","status-publish","hentry"],"_links":{"self":[{"href":"https:\/\/dxc.crp.ufv.br\/index.php?rest_route=\/wp\/v2\/pages\/2424","targetHints":{"allow":["GET"]}}],"collection":[{"href":"https:\/\/dxc.crp.ufv.br\/index.php?rest_route=\/wp\/v2\/pages"}],"about":[{"href":"https:\/\/dxc.crp.ufv.br\/index.php?rest_route=\/wp\/v2\/types\/page"}],"author":[{"embeddable":true,"href":"https:\/\/dxc.crp.ufv.br\/index.php?rest_route=\/wp\/v2\/users\/1"}],"replies":[{"embeddable":true,"href":"https:\/\/dxc.crp.ufv.br\/index.php?rest_route=%2Fwp%2Fv2%2Fcomments&post=2424"}],"version-history":[{"count":5,"href":"https:\/\/dxc.crp.ufv.br\/index.php?rest_route=\/wp\/v2\/pages\/2424\/revisions"}],"predecessor-version":[{"id":3455,"href":"https:\/\/dxc.crp.ufv.br\/index.php?rest_route=\/wp\/v2\/pages\/2424\/revisions\/3455"}],"wp:attachment":[{"href":"https:\/\/dxc.crp.ufv.br\/index.php?rest_route=%2Fwp%2Fv2%2Fmedia&parent=2424"}],"curies":[{"name":"wp","href":"https:\/\/api.w.org\/{rel}","templated":true}]}}