{"id":936,"date":"2016-04-05T13:42:55","date_gmt":"2016-04-05T16:42:55","guid":{"rendered":"http:\/\/Registro%20de%20Est\u00e1gio"},"modified":"2026-02-10T08:16:15","modified_gmt":"2026-02-10T11:16:15","slug":"estagios","status":"publish","type":"page","link":"https:\/\/dxc.crp.ufv.br\/?page_id=936","title":{"rendered":"Est\u00e1gios"},"content":{"rendered":"<h4>Registro de Est\u00e1gio<\/h4>\n<p><a href=\"https:\/\/dxc.crp.ufv.br\/?page_id=2345\"><img loading=\"lazy\" decoding=\"async\" class=\"alignnone wp-image-1409\" src=\"https:\/\/dxc.crp.ufv.br\/wp-content\/uploads\/01-Est\u00e1gio-Interno-300x146.png\" alt=\"\" width=\"130\" height=\"63\" srcset=\"https:\/\/dxc.crp.ufv.br\/wp-content\/uploads\/01-Est\u00e1gio-Interno-300x146.png 300w, https:\/\/dxc.crp.ufv.br\/wp-content\/uploads\/01-Est\u00e1gio-Interno-500x243.png 500w, https:\/\/dxc.crp.ufv.br\/wp-content\/uploads\/01-Est\u00e1gio-Interno.png 626w\" sizes=\"auto, (max-width: 130px) 100vw, 130px\" \/><\/a><a href=\"https:\/\/dxc.crp.ufv.br\/?page_id=2294\"><img loading=\"lazy\" decoding=\"async\" class=\"alignnone wp-image-1408\" src=\"https:\/\/dxc.crp.ufv.br\/wp-content\/uploads\/01-Est\u00e1gio-Externo-300x146.png\" alt=\"\" width=\"130\" height=\"63\" srcset=\"https:\/\/dxc.crp.ufv.br\/wp-content\/uploads\/01-Est\u00e1gio-Externo-300x146.png 300w, https:\/\/dxc.crp.ufv.br\/wp-content\/uploads\/01-Est\u00e1gio-Externo-500x243.png 500w, https:\/\/dxc.crp.ufv.br\/wp-content\/uploads\/01-Est\u00e1gio-Externo.png 626w\" sizes=\"auto, (max-width: 130px) 100vw, 130px\" \/><\/a><a href=\"https:\/\/dxc.crp.ufv.br\/?page_id=2363\"><img loading=\"lazy\" decoding=\"async\" class=\"alignnone wp-image-1406\" src=\"https:\/\/dxc.crp.ufv.br\/wp-content\/uploads\/01-Est\u00e1gio-Internacional-300x146.png\" alt=\"\" width=\"130\" height=\"63\" srcset=\"https:\/\/dxc.crp.ufv.br\/wp-content\/uploads\/01-Est\u00e1gio-Internacional-300x146.png 300w, https:\/\/dxc.crp.ufv.br\/wp-content\/uploads\/01-Est\u00e1gio-Internacional-500x243.png 500w, https:\/\/dxc.crp.ufv.br\/wp-content\/uploads\/01-Est\u00e1gio-Internacional.png 626w\" sizes=\"auto, (max-width: 130px) 100vw, 130px\" \/><\/a> <a href=\"https:\/\/dxc.crp.ufv.br\/?page_id=2357\"><img loading=\"lazy\" decoding=\"async\" class=\"alignnone wp-image-1407\" src=\"https:\/\/dxc.crp.ufv.br\/wp-content\/uploads\/01-Est\u00e1gio-Interno-Alunos-de-Outras-Institui\u00e7\u00f5es-300x146.png\" alt=\"\" width=\"130\" height=\"63\" srcset=\"https:\/\/dxc.crp.ufv.br\/wp-content\/uploads\/01-Est\u00e1gio-Interno-Alunos-de-Outras-Institui\u00e7\u00f5es-300x146.png 300w, https:\/\/dxc.crp.ufv.br\/wp-content\/uploads\/01-Est\u00e1gio-Interno-Alunos-de-Outras-Institui\u00e7\u00f5es-500x243.png 500w, https:\/\/dxc.crp.ufv.br\/wp-content\/uploads\/01-Est\u00e1gio-Interno-Alunos-de-Outras-Institui\u00e7\u00f5es.png 626w\" sizes=\"auto, (max-width: 130px) 100vw, 130px\" \/><\/a><\/p>\n<hr \/>\n<h4>Informa\u00e7\u00f5es Gerais<\/h4>\n<p>O Est\u00e1gio \u00e9 ato educativo escolar supervisionado, desenvolvido no ambiente de trabalho, que objetiva dar ao estudante um contato pr\u00e1tico e direto com as atividades que futuramente exercer\u00e1, aprimorando seu aprendizado e capacidade profissional.<br \/>\n\u2022 \u00c9 regido pela <a href=\"https:\/\/www.planalto.gov.br\/ccivil_03\/_ato2007-2010\/2008\/lei\/l11788.htm\"><strong>Lei n\u00ba 11.788, de 25 de setembro de 2008<\/strong><\/a>.<br \/>\n\u2022 N\u00e3o \u00e9 um emprego e nem gera v\u00ednculo empregat\u00edcio de qualquer natureza.<br \/>\n\u2022 S\u00f3 \u00e9 poss\u00edvel ser realizado por alunos que estejam com <strong>matr\u00edcula<\/strong> e <strong>frequ\u00eancia regular<\/strong> na gradua\u00e7\u00e3o. O estudante que <strong>concluiu, trancou ou foi desligado N\u00c3O poder\u00e1 fazer est\u00e1gio em nenhuma hip\u00f3tese<\/strong>.<br \/>\n\u2022 O est\u00e1gio poder\u00e1 ser obrigat\u00f3rio ou n\u00e3o-obrigat\u00f3rio, conforme determina\u00e7\u00e3o das diretrizes curriculares da etapa, modalidade e \u00e1rea de ensino e do projeto pedag\u00f3gico do curso.<\/p>\n<p><span style=\"color: #cf1d23;\"><strong>\u00bb Est\u00e1gio Obrigat\u00f3rio<\/strong><\/span><br \/>\nEst\u00e1gio obrigat\u00f3rio \u00e9 aquele definido como tal no projeto do curso, cuja carga hor\u00e1ria \u00e9 requisito para aprova\u00e7\u00e3o e obten\u00e7\u00e3o de diploma. Nessa modalidade o estagi\u00e1rio poder\u00e1 receber bolsa ou outra forma de contrapresta\u00e7\u00e3o que venha a ser acordada.<\/p>\n<p><span style=\"color: #cf1d23;\"><strong>\u00bb Est\u00e1gio N\u00e3o-Obrigat\u00f3rio<\/strong><\/span><br \/>\nEst\u00e1gio n\u00e3o-obrigat\u00f3rio \u00e9 aquele desenvolvido como atividade opcional, acrescida \u00e0 carga hor\u00e1ria regular e obrigat\u00f3ria do curso (Atividades Complementares\/Extracurriculares). Nessa modalidade o estagi\u00e1rio deve receber bolsa ou outra forma de contrapresta\u00e7\u00e3o.<\/p>\n<p><strong><span style=\"color: #cf1d23;\">\u00bb Seguro<\/span><\/strong><br \/>\nO seguro contra acidentes pessoais para os estagi\u00e1rios \u00e9 obrigat\u00f3rio e deve cobrir todo o per\u00edodo pretendido de est\u00e1gio.<\/p>\n<p>A UFV disponibiliza uma <strong><a href=\"https:\/\/dxc.crp.ufv.br\/wp-content\/uploads\/Apolice-de-seguros-UFV-2026.pdf\">Ap\u00f3lice de seguros<\/a>\u00a0<\/strong>para ser utilizada por seus alunos (<strong>nos casos de est\u00e1gio externo obrigat\u00f3rio, est\u00e1gio interno obrigat\u00f3rio e est\u00e1gio interno n\u00e3o obrigat\u00f3rio<\/strong>), que \u00e9 alterada anualmente em janeiro. A ap\u00f3lice deste ano \u00e9 de n\u00ba<strong>\u00a001.82.0002812<\/strong>, da companhia:<strong>\u00a0Gente Seguradora S.A.<\/strong>, com vig\u00eancia at\u00e9: <strong>18\/01\/2027.<\/strong><\/p>\n<p>Nos casos de <strong>est\u00e1gio externo n\u00e3o obrigat\u00f3rio<\/strong> a ap\u00f3lice de seguro dever\u00e1 ser contratada pela <strong>concedente.<br \/>\n<\/strong><\/p>\n<hr \/>\n<p><strong>IMPORTANTE<\/strong>: Nos casos em que o estudante n\u00e3o utilizar a <strong>Ap\u00f3lice de Seguros<\/strong> fornecida pela UFV,<strong> dever\u00e1 entregar C\u00d3PIA da Ap\u00f3lice contratada pela concedente<\/strong>\u00a0juntamente com as demais documenta\u00e7\u00f5es de est\u00e1gio.<\/p>\n<hr \/>\n<p><strong><span style=\"color: #cf1d23;\">\u00bb Jornada di\u00e1ria e semanal<br \/>\n<\/span><\/strong>A jornada de atividades em est\u00e1gio n\u00e3o dever\u00e1 ultrapassar 6 horas di\u00e1rias e 30 horas semanais.<br \/>\nNas f\u00e9rias, ou caso o aluno n\u00e3o esteja matriculado em nenhuma disciplina presencial, poder\u00e1 ter jornada de at\u00e9 40 horas por semana.<\/p>\n<p><strong><span style=\"color: #cf1d24;\"><span style=\"color: #cf1d23;\">\u00bb <\/span>Tempo m\u00e1ximo de est\u00e1gio<\/span><\/strong><br \/>\nA dura\u00e7\u00e3o m\u00e1xima do est\u00e1gio, na mesma parte concedente, \u00e9 de at\u00e9 2 (dois) anos (exceto quando se tratar de estagi\u00e1rio portador de defici\u00eancia).<\/p>\n<p><strong><span style=\"color: #cf1d23;\">\u00bb Recesso<\/span><\/strong><br \/>\nSempre que o est\u00e1gio tiver dura\u00e7\u00e3o igual ou superior a 1 ano, o estagi\u00e1rio tem direito a um per\u00edodo de recesso de 30 dias, a ser gozado preferencialmente durante suas f\u00e9rias escolares. O recesso deve ser remunerado, quando o estagi\u00e1rio receber bolsa ou outra forma de contrapresta\u00e7\u00e3o. Se o est\u00e1gio tiver dura\u00e7\u00e3o inferior a 1 ano, os dias de recesso dever\u00e3o ser concedidos de maneira proporcional.<\/p>\n<p><strong><span style=\"color: #cf1d23;\">\u00bb OBSERVA\u00c7\u00c3O: <b>Em casos de aproveitamento de experi\u00eancia profissional, por favor, consulte o coordenador de seu curso.<\/b><\/span><\/strong><\/p>\n<hr \/>\n<h4>Informa\u00e7\u00f5es Extras<\/h4>\n<p><strong><span style=\"color: #cf1d23;\">\u00bb Professores\/as coordenadores\/as da disciplina &#8220;Est\u00e1gio Supervisionado&#8221;<br \/>\n(Est\u00e1gio obrigat\u00f3rio)<br \/>\n<\/span><\/strong><\/p>\n<table border=\"1\">\n<tbody>\n<tr>\n<td><strong>CURSO<\/strong><\/td>\n<td><strong>PROFESSOR\/COORDENADOR<\/strong><\/td>\n<td><strong>SALA<\/strong><\/td>\n<\/tr>\n<tr>\n<td>Administra\u00e7\u00e3o<\/td>\n<td>Michele Morais Oliveira Pereira<\/td>\n<td><\/td>\n<\/tr>\n<tr>\n<td>Agronomia<\/td>\n<td>C\u00edntia Maria Teixeira Fialho<\/td>\n<td>LAE 262<\/td>\n<\/tr>\n<tr>\n<td>Ci\u00eancias Biol\u00f3gicas<\/td>\n<td>Luciano Bueno dos Reis<\/td>\n<td>LAE 113<\/td>\n<\/tr>\n<tr>\n<td>Ci\u00eancias Cont\u00e1beis<\/td>\n<td>\u00c1urea Lucia Silva Andrade<\/td>\n<td>LAE 226<\/td>\n<\/tr>\n<tr>\n<td>Ci\u00eancia e Tecnologia de Alimentos<\/td>\n<td>Lucas de Souza Soares<\/td>\n<td>LAE 124<\/td>\n<\/tr>\n<tr>\n<td>Engenharia Civil<\/td>\n<td>Markssuel Teixeira Marvila<\/td>\n<td>LAE 167<\/td>\n<\/tr>\n<tr>\n<td>Engenharia de Produ\u00e7\u00e3o<\/td>\n<td>Gustavo Alves de Melo<\/td>\n<td>LAE 172<\/td>\n<\/tr>\n<tr>\n<td>Nutri\u00e7\u00e3o<\/td>\n<td>Tatiana Coura Oliveira (UAN)<br \/>\n<span style=\"font-family: inherit; font-weight: inherit;\">Karine de Oliveira Gomes (Nutri\u00e7\u00e3o Social)<br \/>\n<\/span><span style=\"font-family: inherit; font-weight: inherit;\">Bruna Cristina dos Santos Cruz (Nutri\u00e7\u00e3o Cl\u00ednica)<br \/>\n<span style=\"font-family: inherit; font-weight: inherit;\">K\u00edllya de Paiva Santos (Substituta Nutri\u00e7\u00e3o Cl\u00ednica)<br \/>\n<\/span><\/span><\/td>\n<td>LAE 114<br \/>\n<span style=\"font-family: inherit; font-weight: inherit;\">LAE 108<br \/>\nLAE 118<\/span><\/td>\n<\/tr>\n<tr>\n<td>Qu\u00edmica<\/td>\n<td>Cassiano Rodrigues de Oliveira<\/td>\n<td>LAE 272<\/td>\n<\/tr>\n<\/tbody>\n<\/table>\n<p><strong><span style=\"color: #cf1d23;\">\u00bb Professores\/as coordenadores\/as da disciplina &#8220;Atividades Complementares<br \/>\n(Est\u00e1gio n\u00e3o obrigat\u00f3rio)<br \/>\n<\/span><\/strong><\/p>\n<table border=\"1\">\n<tbody>\n<tr>\n<td><strong>CURSO<\/strong><\/td>\n<td><strong>PROFESSOR\/COORDENADOR<\/strong><\/td>\n<td><strong>SALA<\/strong><\/td>\n<\/tr>\n<tr>\n<td>Administra\u00e7\u00e3o<\/td>\n<td>Michele Morais Oliveira Pereira<\/td>\n<td><\/td>\n<\/tr>\n<tr>\n<td>Agronomia<\/td>\n<td>Tha\u00edsa Fernanda Oliveira<\/td>\n<td>CIP 112<\/td>\n<\/tr>\n<tr>\n<td>Ci\u00eancias Biol\u00f3gicas<\/td>\n<td>Edmilson Amaral de Souza<\/td>\n<td>LAE 112<\/td>\n<\/tr>\n<tr>\n<td>Ci\u00eancias Cont\u00e1beis<\/td>\n<td>\u00c1urea Lucia Silva Andrade<\/td>\n<td>LAE 226<\/td>\n<\/tr>\n<tr>\n<td>Ci\u00eancia e Tecnologia de Alimentos<\/td>\n<td>Evandro Galv\u00e3o Tavares Menezes<\/td>\n<td>CIP 224<\/td>\n<\/tr>\n<tr>\n<td>Engenharia Civil<\/td>\n<td>Guilherme Leal Xavier<\/td>\n<td>LAE 169<\/td>\n<\/tr>\n<tr>\n<td>Engenharia de Produ\u00e7\u00e3o<\/td>\n<td>Gustavo Alves de Melo<\/td>\n<td>LAE 172<\/td>\n<\/tr>\n<tr>\n<td>Qu\u00edmica<\/td>\n<td>V\u00e2nia Maria Moreira Valente<\/td>\n<td>LAE 263<\/td>\n<\/tr>\n<tr>\n<td>Sistemas de Informa\u00e7\u00e3o<\/td>\n<td>Pedro Moises de Sousa<\/td>\n<td>LAE 275<\/td>\n<\/tr>\n<\/tbody>\n<\/table>\n","protected":false},"excerpt":{"rendered":"<p>Registro de Est\u00e1gio Informa\u00e7\u00f5es Gerais O Est\u00e1gio \u00e9 ato educativo escolar supervisionado, desenvolvido no ambiente de trabalho, que objetiva dar ao estudante um contato pr\u00e1tico e direto com as atividades que futuramente exercer\u00e1, aprimorando seu aprendizado e capacidade profissional. \u2022 \u00c9 regido pela Lei n\u00ba 11.788, de 25 de setembro de 2008. \u2022 N\u00e3o \u00e9 [&hellip;]<\/p>\n","protected":false},"author":5,"featured_media":0,"parent":0,"menu_order":0,"comment_status":"closed","ping_status":"closed","template":"","meta":{"footnotes":""},"class_list":["post-936","page","type-page","status-publish","hentry"],"_links":{"self":[{"href":"https:\/\/dxc.crp.ufv.br\/index.php?rest_route=\/wp\/v2\/pages\/936","targetHints":{"allow":["GET"]}}],"collection":[{"href":"https:\/\/dxc.crp.ufv.br\/index.php?rest_route=\/wp\/v2\/pages"}],"about":[{"href":"https:\/\/dxc.crp.ufv.br\/index.php?rest_route=\/wp\/v2\/types\/page"}],"author":[{"embeddable":true,"href":"https:\/\/dxc.crp.ufv.br\/index.php?rest_route=\/wp\/v2\/users\/5"}],"replies":[{"embeddable":true,"href":"https:\/\/dxc.crp.ufv.br\/index.php?rest_route=%2Fwp%2Fv2%2Fcomments&post=936"}],"version-history":[{"count":260,"href":"https:\/\/dxc.crp.ufv.br\/index.php?rest_route=\/wp\/v2\/pages\/936\/revisions"}],"predecessor-version":[{"id":3478,"href":"https:\/\/dxc.crp.ufv.br\/index.php?rest_route=\/wp\/v2\/pages\/936\/revisions\/3478"}],"wp:attachment":[{"href":"https:\/\/dxc.crp.ufv.br\/index.php?rest_route=%2Fwp%2Fv2%2Fmedia&parent=936"}],"curies":[{"name":"wp","href":"https:\/\/api.w.org\/{rel}","templated":true}]}}